{"id":446,"date":"2024-04-17T20:14:59","date_gmt":"2024-04-17T23:14:59","guid":{"rendered":"https:\/\/greenapplemotel.com.br\/shop\/?post_type=product&#038;p=446"},"modified":"2024-04-17T20:25:08","modified_gmt":"2024-04-17T23:25:08","slug":"suite-intense-jantar-cafe-da-manha","status":"publish","type":"product","link":"https:\/\/greenapplemotel.com.br\/shop\/produto\/suite-intense-jantar-cafe-da-manha\/","title":{"rendered":"Su\u00edte Intense + Jantar + Caf\u00e9 da Manh\u00e3"},"content":{"rendered":"","protected":false},"excerpt":{"rendered":"<p>O pacote da su\u00edte Intense conta com um per\u00edodo de 06 horas ou pernoite na su\u00edte, um delicioso Jantar para duas pessoas e caf\u00e9 da manh\u00e3.<\/p>\n<p><strong>Card\u00e1pio da promo\u00e7\u00e3o:<\/strong><br \/>\n&#8211; Strogonoff de Carne;<br \/>\n&#8211; Strogonoff de Frango;<br \/>\n&#8211; Lasanha Bolonhesa;<br \/>\n&#8211; Lasanha 4 Queijos;<br \/>\n&#8211; Pizza.<\/p>\n<p><strong>Regulamento da promo\u00e7\u00e3o:<\/strong><\/p>\n<p>&#8211; O pacote \u00e9 v\u00e1lido de Domingo a Quinta;<br \/>\n&#8211; O pacote n\u00e3o \u00e9 v\u00e1lido para feriados e v\u00e9speras de feriados;<br \/>\n&#8211; O pacote n\u00e3o \u00e9 acumulativo com as demais promo\u00e7\u00f5es do motel;<br \/>\n&#8211; O pacote \u00e9 v\u00e1lido para uso em at\u00e9 30 dias ap\u00f3s a data da compra;<br \/>\n&#8211; A compra do pacote n\u00e3o efetua a reserva, sujeito \u00e0 disponibilidade da su\u00edte;<br \/>\n&#8211; O pacote n\u00e3o \u00e9 v\u00e1lido de 10 a 13 de junho.<\/p>\n","protected":false},"featured_media":104,"template":"","meta":[],"product_cat":[15],"product_tag":[],"class_list":["post-446","product","type-product","status-publish","has-post-thumbnail","hentry","product_cat-pacotes-promocionais"],"_links":{"self":[{"href":"https:\/\/greenapplemotel.com.br\/shop\/wp-json\/wp\/v2\/product\/446","targetHints":{"allow":["GET"]}}],"collection":[{"href":"https:\/\/greenapplemotel.com.br\/shop\/wp-json\/wp\/v2\/product"}],"about":[{"href":"https:\/\/greenapplemotel.com.br\/shop\/wp-json\/wp\/v2\/types\/product"}],"wp:featuredmedia":[{"embeddable":true,"href":"https:\/\/greenapplemotel.com.br\/shop\/wp-json\/wp\/v2\/media\/104"}],"wp:attachment":[{"href":"https:\/\/greenapplemotel.com.br\/shop\/wp-json\/wp\/v2\/media?parent=446"}],"wp:term":[{"taxonomy":"product_cat","embeddable":true,"href":"https:\/\/greenapplemotel.com.br\/shop\/wp-json\/wp\/v2\/product_cat?post=446"},{"taxonomy":"product_tag","embeddable":true,"href":"https:\/\/greenapplemotel.com.br\/shop\/wp-json\/wp\/v2\/product_tag?post=446"}],"curies":[{"name":"wp","href":"https:\/\/api.w.org\/{rel}","templated":true}]}}